{"id":4,"date":"2019-09-05T08:43:56","date_gmt":"2019-09-05T08:43:56","guid":{"rendered":"https:\/\/manabeach.fr\/?p=4"},"modified":"2026-02-12T17:08:46","modified_gmt":"2026-02-12T16:08:46","slug":"about","status":"publish","type":"page","link":"https:\/\/manabeach.fr\/?page_id=4","title":{"rendered":"About"},"content":{"rendered":"<h1>Nos autres h\u00e9bergements<\/h1>\n<h1>\n<h2 class=\"a4ac75716e f546354b44 cc045b173b\">La Maison du Lac<\/h2>\n<\/h1>\n<p><img decoding=\"async\" src=\"\/wp-content\/uploads\/2026\/02\/Capture-decran-2026-02-12-165939.png\" alt=\"\"><\/p>\n<div>\n<p><span>Bienvenue dans cette magnifique maison de vacances situ\u00e9e au bord du lac de Biscarrosse, id\u00e9ale pour un s\u00e9jour en famille ou entre amis.<\/span><br \/><span>Pouvant accueillir jusqu\u2019\u00e0 10 personnes, elle offre 4 chambres.<\/span><br \/><span>Profitez d\u2019un lagon priv\u00e9, d\u2019un spa de nage, d\u2019un jacuzzi, Baby foot, Billard\u2026<\/span><\/p>\n<\/div>\n<ul>\n<li>\n<p>\n        <a href=\"https:\/\/www.airbnb.fr\/rooms\/763660567821381972?guests=1&#038;adults=1&#038;s=67&#038;unique_share_id=2e224e74-9e23-4403-85a1-745607fc7162\">Voir sur AirBnB<\/a>\n    <\/p>\n<\/li>\n<li>\n<p>\n        <a href=\"https:\/\/www.booking.com\/Share-jfnTad\">Voir sur Booking<\/a>\n    <\/p>\n<\/li>\n<\/ul>\n<h1>\n<h2 class=\"a4ac75716e f546354b44 cc045b173b\">La Maison de la For\u00eat<\/h2>\n<\/h1>\n<p><img decoding=\"async\" src=\"\/wp-content\/uploads\/2026\/02\/Capture-decran-2026-02-12-164614.png\" alt=\"\"><\/p>\n<div>\n<p><span>Bienvenue dans notre maison de vacances situ\u00e9e \u00e0 Biscarrosse Lac, au c\u0153ur d\u2019un environnement naturel pr\u00e9serv\u00e9. <br \/>Pouvant accueillir jusqu\u2019\u00e0 6 personnes, elle offre 3 chambres.<br \/>\u00c0 seulement quelques minutes \u00e0 pied du lac, profitez d\u2019un s\u00e9jour paisible entre baignades, balades en for\u00eat\u2026 et acc\u00e8s gratuit \u00e0 l\u2019AquaPark de Biscarrosse situ\u00e9 \u00e0 seulement 4 km !<\/span><\/p>\n<\/div>\n<ul>\n<li>\n<p>\n        <a href=\"https:\/\/www.airbnb.fr\/rooms\/1454389353494120212?guests=1&#038;adults=1&#038;s=67&#038;unique_share_id=839b64b6-16fa-478c-a644-8a7701871703\">Voir sur AirBnb<\/a>\n    <\/p>\n<\/li>\n<li>\n<p>\n        <a href=\"https:\/\/www.booking.com\/Share-BXxlmA\">Voir sur Booking <\/a>\n    <\/p>\n<\/li>\n<\/ul>\n<hr>\n<h2>Contactez nous<\/h2>\n<ul>\n<li>\n<h3>Tel<\/h3>\n<p><a href=\"tel:5550199\"><\/p>\n<p>+33 (0)6 12340163<\/p>\n<p><\/a><\/p>\n<\/li>\n<li>\n<h3>Email<\/h3>\n<p><a href=\"mailto:email@example.com\"><\/p>\n<p>location@charlet.cc<\/p>\n<p><\/a><\/p>\n<\/li>\n<\/ul>\n<div>\n<h3>Addresse<\/h3>\n<div>\n<p>Le Lac Nord<br \/>40600 Biscarrosse<\/p>\n<\/div>\n<\/div>\n<div>\n<h3>Sociale<\/h3>\n<\/div>\n<p><!--more--><br \/>\n<!-- {\"name\":\"About\",\"type\":\"layout\",\"children\":[{\"name\":\"About\",\"type\":\"section\",\"props\":{\"image_position\":\"center-center\",\"image_size\":\"cover\",\"padding_bottom\":\"large\",\"padding_top\":\"large\",\"style\":\"default\",\"title_breakpoint\":\"xl\",\"title_position\":\"top-left\",\"title_rotation\":\"left\",\"vertical_align\":\"\",\"width\":\"default\"},\"children\":[{\"type\":\"row\",\"props\":{\"width\":\"small\"},\"children\":[{\"type\":\"column\",\"props\":{\"image_position\":\"center-center\",\"position_sticky_breakpoint\":\"m\",\"width_medium\":\"1-1\"},\"children\":[{\"type\":\"headline\",\"props\":{\"content\":\"Nos autres h\u00e9bergements\",\"image_align\":\"left\",\"image_margin\":\"xsmall\",\"text_align\":\"center\",\"title_element\":\"h1\",\"title_style\":\"heading-small\"}},{\"type\":\"divider\",\"props\":{\"block_align\":\"center\",\"divider_element\":\"div\",\"divider_style\":\"icon\",\"margin_bottom\":\"large\",\"margin_top\":\"large\",\"maxwidth\":\"large\"}},{\"type\":\"fragment\",\"props\":{\"margin_bottom\":\"default\",\"margin_top\":\"default\"},\"children\":[{\"type\":\"row\",\"children\":[{\"type\":\"column\",\"props\":{\"image_position\":\"center-center\",\"position_sticky_breakpoint\":\"m\"},\"children\":[{\"type\":\"headline\",\"props\":{\"content\":\"\n\n<h2 class=\\\"a4ac75716e f546354b44 cc045b173b\\\">La Maison du Lac<\/h2>\n\n\",\"image_align\":\"left\",\"image_margin\":\"xsmall\",\"text_align\":\"center\",\"title_element\":\"h1\"}},{\"type\":\"image\",\"props\":{\"image\":\"wp-content\/uploads\/2026\/02\/Capture-decran-2026-02-12-165939.png\",\"image_svg_color\":\"emphasis\",\"margin_bottom\":\"default\",\"margin_top\":\"default\",\"text_align\":\"center\"}},{\"type\":\"text\",\"props\":{\"column_breakpoint\":\"m\",\"content\":\"\n\n<p><span>Bienvenue dans cette magnifique maison de vacances situ\u00e9e au bord du lac de Biscarrosse, id\u00e9ale pour un s\u00e9jour en famille ou entre amis.<\/span><br \/><span>Pouvant accueillir jusqu\u2019\u00e0 10 personnes, elle offre 4 chambres.<\/span><br \/><span>Profitez d\u2019un lagon priv\u00e9, d\u2019un spa de nage, d\u2019un jacuzzi, Baby foot, Billard\u2026<\/span><\/p>\n\n\",\"margin_bottom\":\"default\",\"margin_top\":\"default\",\"text_align\":\"center\"}},{\"type\":\"button\",\"props\":{\"button_size\":\"large\",\"grid_column_gap\":\"small\",\"grid_row_gap\":\"small\",\"margin_bottom\":\"default\",\"margin_top\":\"default\",\"text_align\":\"center\"},\"children\":[{\"type\":\"button_item\",\"props\":{\"button_style\":\"danger\",\"content\":\"Voir sur AirBnB\",\"dialog_layout\":\"modal\",\"dialog_offcanvas_flip\":true,\"icon\":\"home\",\"icon_align\":\"left\",\"link\":\"https:\/\/www.airbnb.fr\/rooms\/763660567821381972?guests=1&adults=1&s=67&unique_share_id=2e224e74-9e23-4403-85a1-745607fc7162\",\"link_target\":true}},{\"type\":\"button_item\",\"props\":{\"button_style\":\"primary\",\"content\":\"Voir sur Booking\",\"dialog_layout\":\"modal\",\"dialog_offcanvas_flip\":true,\"icon\":\"home\",\"icon_align\":\"left\",\"link\":\"https:\/\/www.booking.com\/Share-jfnTad\",\"link_target\":true}}]}]}]},{\"type\":\"row\",\"children\":[{\"type\":\"column\",\"props\":{\"image_position\":\"center-center\",\"position_sticky_breakpoint\":\"m\"},\"children\":[{\"type\":\"headline\",\"props\":{\"content\":\"\n\n<h2 class=\\\"a4ac75716e f546354b44 cc045b173b\\\">La Maison de la For\u00eat<\/h2>\n\n\",\"image_align\":\"left\",\"image_margin\":\"xsmall\",\"text_align\":\"center\",\"title_element\":\"h1\"}},{\"type\":\"image\",\"props\":{\"image\":\"wp-content\/uploads\/2026\/02\/Capture-decran-2026-02-12-164614.png\",\"image_svg_color\":\"emphasis\",\"margin_bottom\":\"default\",\"margin_top\":\"default\",\"text_align\":\"center\"}},{\"type\":\"text\",\"props\":{\"column_breakpoint\":\"m\",\"content\":\"\n\n<p><span>Bienvenue dans notre maison de vacances situ\u00e9e \u00e0 Biscarrosse Lac, au c\u0153ur d\u2019un environnement naturel pr\u00e9serv\u00e9. <br \/>Pouvant accueillir jusqu\u2019\u00e0 6 personnes, elle offre 3 chambres.<br \/>\u00c0 seulement quelques minutes \u00e0 pied du lac, profitez d\u2019un s\u00e9jour paisible entre baignades, balades en for\u00eat\u2026 et acc\u00e8s gratuit \u00e0 l\u2019AquaPark de Biscarrosse situ\u00e9 \u00e0 seulement 4 km !<\/span><\/p>\n\n\",\"dropcap\":false,\"margin_bottom\":\"default\",\"margin_top\":\"default\",\"text_align\":\"center\"}},{\"type\":\"button\",\"props\":{\"button_size\":\"large\",\"grid_column_gap\":\"small\",\"grid_row_gap\":\"small\",\"margin_bottom\":\"default\",\"margin_top\":\"default\",\"text_align\":\"center\"},\"children\":[{\"type\":\"button_item\",\"props\":{\"button_style\":\"danger\",\"content\":\"Voir sur AirBnb\",\"dialog_layout\":\"modal\",\"dialog_offcanvas_flip\":true,\"icon\":\"home\",\"icon_align\":\"left\",\"link\":\"https:\/\/www.airbnb.fr\/rooms\/1454389353494120212?guests=1&adults=1&s=67&unique_share_id=839b64b6-16fa-478c-a644-8a7701871703\",\"link_target\":true}},{\"type\":\"button_item\",\"props\":{\"button_style\":\"secondary\",\"content\":\"Voir sur Booking \",\"dialog_layout\":\"modal\",\"dialog_offcanvas_flip\":true,\"icon\":\"home\",\"icon_align\":\"left\",\"link\":\"https:\/\/www.booking.com\/Share-BXxlmA\",\"link_target\":true}}]}]}]}]}]}]}]},{\"name\":\"Contact\",\"type\":\"section\",\"props\":{\"image_position\":\"center-center\",\"image_size\":\"cover\",\"padding_bottom\":\"small\",\"padding_top\":\"none\",\"style\":\"default\",\"title_breakpoint\":\"xl\",\"title_position\":\"top-left\",\"title_rotation\":\"left\",\"vertical_align\":\"\",\"width\":\"default\"},\"children\":[{\"type\":\"row\",\"children\":[{\"type\":\"column\",\"props\":{\"image_position\":\"center-center\",\"position_sticky_breakpoint\":\"m\",\"width_medium\":\"1-1\"},\"children\":[{\"type\":\"divider\",\"props\":{\"divider_element\":\"hr\",\"margin_bottom\":\"large\",\"margin_top\":\"large\"}},{\"type\":\"headline\",\"props\":{\"content\":\"Contactez nous\",\"image_align\":\"left\",\"image_margin\":\"xsmall\",\"text_align\":\"left\",\"title_element\":\"h2\"}}]}]},{\"type\":\"row\",\"props\":{\"column_gap\":\"large\",\"layout\":\"1-3,1-3,1-3\",\"row_gap\":\"large\"},\"children\":[{\"type\":\"column\",\"props\":{\"image_position\":\"center-center\",\"position_sticky_breakpoint\":\"m\",\"width_medium\":\"1-3\",\"width_small\":\"auto\"},\"children\":[{\"type\":\"description_list\",\"props\":{\"column_breakpoint\":\"m\",\"layout\":\"grid-2\",\"list_element\":\"ul\",\"meta_align\":\"below-content\",\"meta_style\":\"text-meta\",\"show_content\":true,\"show_link\":true,\"show_meta\":true,\"show_title\":true,\"title_element\":\"div\",\"title_grid_column_gap\":\"small\",\"title_grid_row_gap\":\"small\",\"title_grid_width\":\"small\",\"title_style\":\"text-bold\"},\"children\":[{\"type\":\"description_list_item\",\"props\":{\"content\":\"\n\n<p>+33 (0)6 12340163<\/p>\n\n\",\"link\":\"tel:5550199\",\"title\":\"Tel\"}},{\"type\":\"description_list_item\",\"props\":{\"content\":\"\n\n<p>location@charlet.cc<\/p>\n\n\",\"link\":\"mailto:email@example.com\",\"title\":\"Email\"}}]}]},{\"type\":\"column\",\"props\":{\"image_position\":\"center-center\",\"position_sticky_breakpoint\":\"m\",\"width_medium\":\"1-3\",\"width_small\":\"auto\"},\"children\":[{\"type\":\"description_list\",\"props\":{\"column_breakpoint\":\"m\",\"layout\":\"grid-2\",\"list_element\":\"ul\",\"meta_align\":\"below-content\",\"meta_style\":\"text-meta\",\"show_content\":true,\"show_link\":true,\"show_meta\":true,\"show_title\":true,\"title_element\":\"div\",\"title_grid_column_gap\":\"small\",\"title_grid_row_gap\":\"small\",\"title_grid_width\":\"small\",\"title_style\":\"text-bold\"},\"children\":[{\"type\":\"description_list_item\",\"props\":{\"content\":\"\n\n<p>Le Lac Nord<br \/>40600 Biscarrosse<\/p>\n\n\",\"title\":\"Addresse\"}}]}]},{\"type\":\"column\",\"props\":{\"image_position\":\"center-center\",\"position_sticky_breakpoint\":\"m\",\"width_medium\":\"1-3\",\"width_small\":\"auto\"},\"children\":[{\"type\":\"description_list\",\"props\":{\"column_breakpoint\":\"m\",\"layout\":\"grid-2\",\"list_element\":\"ul\",\"meta_align\":\"below-content\",\"meta_style\":\"text-meta\",\"show_content\":true,\"show_link\":true,\"show_meta\":true,\"show_title\":true,\"title_element\":\"div\",\"title_grid_column_gap\":\"small\",\"title_grid_row_gap\":\"small\",\"title_grid_width\":\"small\",\"title_style\":\"text-bold\"},\"children\":[{\"type\":\"description_list_item\",\"props\":{\"content\":\"\",\"title\":\"Sociale\"}}]}]}]}]}],\"version\":\"5.0.14\"} --><\/p>\n","protected":false},"excerpt":{"rendered":"<p>Nos autres h\u00e9bergements La Maison du Lac Bienvenue dans cette magnifique maison de vacances situ\u00e9e au bord du lac de Biscarrosse, id\u00e9ale pour un s\u00e9jour en famille ou entre amis.Pouvant accueillir jusqu\u2019\u00e0 10 personnes, elle offre 4 chambres.Profitez d\u2019un lagon priv\u00e9, d\u2019un spa de nage, d\u2019un jacuzzi, Baby foot, Billard\u2026 Voir sur AirBnB Voir sur [&hellip;]<\/p>\n","protected":false},"author":1,"featured_media":0,"parent":0,"menu_order":3,"comment_status":"open","ping_status":"open","template":"","meta":{"_acf_changed":false,"footnotes":""},"class_list":["post-4","page","type-page","status-publish","hentry"],"acf":[],"_links":{"self":[{"href":"https:\/\/manabeach.fr\/index.php?rest_route=\/wp\/v2\/pages\/4","targetHints":{"allow":["GET"]}}],"collection":[{"href":"https:\/\/manabeach.fr\/index.php?rest_route=\/wp\/v2\/pages"}],"about":[{"href":"https:\/\/manabeach.fr\/index.php?rest_route=\/wp\/v2\/types\/page"}],"author":[{"embeddable":true,"href":"https:\/\/manabeach.fr\/index.php?rest_route=\/wp\/v2\/users\/1"}],"replies":[{"embeddable":true,"href":"https:\/\/manabeach.fr\/index.php?rest_route=%2Fwp%2Fv2%2Fcomments&post=4"}],"version-history":[{"count":33,"href":"https:\/\/manabeach.fr\/index.php?rest_route=\/wp\/v2\/pages\/4\/revisions"}],"predecessor-version":[{"id":1467,"href":"https:\/\/manabeach.fr\/index.php?rest_route=\/wp\/v2\/pages\/4\/revisions\/1467"}],"wp:attachment":[{"href":"https:\/\/manabeach.fr\/index.php?rest_route=%2Fwp%2Fv2%2Fmedia&parent=4"}],"curies":[{"name":"wp","href":"https:\/\/api.w.org\/{rel}","templated":true}]}}