{"id":2,"date":"2019-09-05T08:43:56","date_gmt":"2019-09-05T08:43:56","guid":{"rendered":"https:\/\/manabeach.fr\/?p=2"},"modified":"2024-11-12T08:21:08","modified_gmt":"2024-11-12T07:21:08","slug":"portfolio","status":"publish","type":"page","link":"https:\/\/manabeach.fr\/?page_id=2","title":{"rendered":"Pr\u00e9sentation"},"content":{"rendered":"<h1>Bienvenue dans le chalet\u00a0\u00ab ManaBeach \u00bb<br \/>qui vous accueille \u00e0 Port Maguide <br \/>Toute l\u2019ann\u00e9e \u00e0 partir de 2 nuits !<\/h1>\n<p><img decoding=\"async\" src=\"\/wp-content\/uploads\/2024\/11\/LOCATION-BISCARROSSE-LAC.jpg\" alt=\"\"><\/p>\n<div>\n<p><span>Constitu\u00e9e d\u2019une belle pi\u00e8ce \u00e0 vivre climatis\u00e9e et lumineuse par ses deux larges baies vitr\u00e9es donnant l\u2019acc\u00e8s direct \u00e0 son espace ext\u00e9rieur chill\u2026 barbecue, transats et jacuzzi vous feront passer un moment conviviale et \u00e0 l\u2019abri des regards.<\/span><br \/><span><br \/>Avec un coin cuisine tout \u00e9quip\u00e9, un c\u00f4t\u00e9 salle \u00e0 manger et salon avec grand \u00e9cran connect\u00e9 au wifi et apple tv, un grand canap\u00e9 d\u2019angle convertible en lit deux places pouvant accueillir deux enfants.<\/span><br \/><span>Une charmante salle d\u2019eau avec sa grande douche \u00e0 l\u2019italienne . <\/span><br \/><span>Toilette japonais.<\/span><\/p>\n<p><span>\u00c0 toutes les saisons, vous pourrez profiter d\u2019un moment de d\u00e9tente dans le Jaccuzy \u00e0 38\u00b0C,<\/span><\/p>\n<p><span>\u00c0 l\u2019\u00e9tage, une magnifique chambre parentale perch\u00e9e sous les toits \u00e9quip\u00e9e d\u2019un \u00e9cran plat \u00e0 la d\u00e9coration tr\u00e8s cocooning vous offre une vue imprenable sur le lac et sa plage de sable fin. La nuit tomb\u00e9e, le spectacle des \u00e9toiles s\u2019offre \u00e0 vous\u2026<\/span><br \/><span>Ce chalet est \u00e9quip\u00e9 de son linge de maison.<\/span><br \/><span>Tout est pr\u00e9vu pour vous procurer douceur et l\u00e2cher-prise.<\/span><\/p>\n<\/div>\n<p><img decoding=\"async\" src=\"\/wp-content\/uploads\/2023\/04\/87C7A366-5839-4059-8548-D287EAB34700.jpeg\" alt=\"\"><br \/>\n<a href=\"\/index.php?page_id=7\"><img decoding=\"async\" src=\"\/wp-content\/uploads\/2023\/04\/BE85360F-CEC5-43E8-9D87-43749DAA897F-scaled.jpeg\" alt=\"\"><\/a><br \/>\n<a href=\"\/index.php?page_id=7\"><img decoding=\"async\" src=\"\/wp-content\/uploads\/2023\/04\/A92EA1A7-0BCA-4725-B1D5-AE327C8471BB-scaled.jpeg\" alt=\"\"><\/a><br \/>\n<a href=\"\/index.php?page_id=7\"><img decoding=\"async\" src=\"\/wp-content\/uploads\/2023\/04\/87C7A366-5839-4059-8548-D287EAB34700.jpeg\" alt=\"\"><\/a><br \/>\n<a href=\"\/index.php?page_id=7\"><img decoding=\"async\" src=\"\/wp-content\/uploads\/2023\/04\/DC82B356-1E2E-4C7B-901A-546762B693B4-scaled.jpeg\" alt=\"\"><\/a><br \/>\n<a href=\"\/index.php?page_id=7\"><img decoding=\"async\" src=\"\/wp-content\/uploads\/2023\/04\/8981E95E-ED2F-42A4-A64F-8092C3A4DB42-scaled.jpeg\" alt=\"\"><\/a><br \/>\n<a href=\"\/index.php?page_id=7\"><img decoding=\"async\" src=\"\/wp-content\/uploads\/2023\/04\/DC82B356-1E2E-4C7B-901A-546762B693B4-scaled.jpeg\" alt=\"\"><\/a><br \/>\n<a href=\"\/index.php?page_id=7\"><img decoding=\"async\" src=\"\/wp-content\/uploads\/2023\/04\/8AF50E59-C844-4EB7-85C4-337CE46C3D3F-scaled.jpeg\" alt=\"\"><\/a><\/p>\n<div>\n<p><span>En \u00e9t\u00e9, vous \u00eates au coeur des festivit\u00e9s et des activit\u00e9s de la plage .<\/span><br \/><span>Vous appr\u00e9cierez de pouvoir vous baigner \u00e0 quelques pas du ManaBeach dans une eau limpide avoisinant les 24\u00b0\u00e0 28\u00b0C .<\/span><br \/><span>Petit d\u00e9jeuner et longue balade au lever du soleil le long du lac vous feront d\u00e9marrer votre journ\u00e9e tout en douceur \u2026 Vous voil\u00e0 pr\u00eat pour d\u00e9marrer une belle journ\u00e9e!<\/span><\/p>\n<p><span>du golf international de Biscarrosse \u00e0 proximit\u00e9 du \u00ab\u00a0ManaBeach\u00a0\u00bb.<\/span><br \/><span>Ce chalet est id\u00e9al pour un couple, ou une petite famille. <\/span><\/p>\n<p><span>\u00c0 deux pas du ManaBeach vous trouverez :<\/span><br \/><span>l\u2019Aquapark de Biscarrosse (plus grand parc aquatique gonflable au monde), P\u00e9dal0s, Cano\u00eb Kayak, Bou\u00e9es tract\u00e9es, ski nautique, Wake board, Flyboard, Surf Foil \u00e9lectrique, location de bateau\u2026Pour finir en douceur arr\u00eatez vous \u00e0 la cabane massage.<\/span><br \/><span>Sur la plage, pour une petite pause rapide, le snack \u00ab\u00a0Au Bord de l\u2019O\u00a0\u00bb vous accueille de 9H \u00e0 20H.<\/span><\/p>\n<p><span>Pour r\u00e9veiller vos papilles \u2026 un ap\u00e9ritif, un d\u00e9jeuner, un d\u00eener ou tout simplement boire un verre les pieds dans le sable \u00e0 \u00ab\u00a0l\u2019Idylle caf\u00e9\u00a0\u00bb ou dans les jardins suspendue face au lac du restaurant \u00ab\u00a0Histoires de\u00a0\u00bb\u2026Une invitation \u00e0 l\u2019\u00e9vasion\u2026 Deux adresses incontournables de Biscarrosse.<\/span><\/p>\n<p><span>Le soir, la plage et les jardins s\u2019illuminent et vous invite \u00e0 danser au bord de l\u2019eau\u2026 De nombreux \u00e9v\u00e8nements, concerts et DJ sont au rendez vous durant tout l\u2019\u00e9t\u00e9.<\/span><\/p>\n<p><span>\u00c0 partir de l\u2019automne, vous serez en harmonie avec la nature, les activit\u00e9s et les restaurants du lac commencent \u00e0 fermer, la nature reprend ses droits et vous offre un endroit calme, reposant et une vue \u00e0 couper le souffle.<\/span><br \/><span>Vous pourrez profiter de longues balades le long du lac ou en for\u00eat \u00e0 tout heure de la journ\u00e9e.<\/span><br \/><span>\u00c0 v\u00e9lo, vous pourrez rejoindre l\u2019oc\u00e9an gr\u00e2ce aux pistes cyclables.<\/span><\/p>\n<p><span>Prendre contact avec l\u2019office du tourisme pour les dates d\u2019ouvertures et de fermetures des activit\u00e9s et restaurants du lac de Port Maguide.<\/span><\/p>\n<\/div>\n<p><img decoding=\"async\" src=\"\/wp-content\/uploads\/2023\/04\/D485F316-F185-42A4-B94D-404E31156366.jpeg\" alt=\"\"><\/p>\n<ul>\n<li>\n<h3>Logement<\/h3>\n<div>\n<p><span>Cuisine Ouverte sur le salon et salle \u00e0 manger.<\/span><br \/><span>Toilette japonais<\/span><br \/><span>Salle d\u2019eau <\/span><br \/><span>1 Chambre perch\u00e9e sous les toits <\/span><br \/><span>1 Ext\u00e9rieur <\/span><\/p>\n<p><span>Equipement Principal \u00e0 l\u2019int\u00e9rieur du chalet:<\/span><br \/><span>-Cuisine enti\u00e8rement \u00e9quip\u00e9e y compris lave-vaisselle<\/span><br \/><span>-2 T\u00e9l\u00e9visions<\/span><br \/><span>-Wi-fi et Apple TV <\/span><br \/><span>-Lave-linge \/ S\u00e8che-linge <\/span><br \/><span>-1 Climatisation r\u00e9versible <\/span><br \/><span>-Lit parapluie<\/span><br \/><span>-Linge de maison (draps, serviettes de bain, peignoir, torchons)<\/span><br \/><span>-Enceinte portable\u00a0<\/span><\/p>\n<\/div>\n<\/li>\n<li>\n<h3>Equipement principale<\/h3>\n<div>\n<p><span>-2 Transats<\/span><br \/><span>-1 Barbecue<\/span><br \/><span>-1 Jaccuzy <\/span><br \/><span>-Table et chaise de jardin<\/span><\/p>\n<\/div>\n<p><a href=\"#\">Size Guide<\/a><\/p>\n<\/li>\n<li>\n<h3>R\u00e9servation<\/h3>\n<div>\n<p><span>LOCATION NON FUMEUR<\/span><\/p>\n<p><span>R\u00e9servation : <\/span><br \/><span>Arrhes \u00e0 la r\u00e9servation : 50% par virement <\/span><br \/><span>Le solde : 1 Semaine avant l&rsquo;arriv\u00e9e par virement <\/span><br \/><span>Le jour de votre arriv\u00e9e :<\/span><br \/><span>\u2022 1 ch\u00e8que de caution de 1000\u20ac non encaiss\u00e9 et restituable (sous 10 jours) si aucun d\u00e9g\u00e2t<\/span><br \/><span>Le r\u00e8glement de l\u2019option m\u00e9nage de fin de s\u00e9jour (int\u00e9rieur et ext\u00e9rieur) soit 150\u20ac.<\/span><br \/><span>Si toutefois vous ne souhaitez pas prendre cette option et faire vous-m\u00eame le m\u00e9nage int\u00e9rieur et ext\u00e9rieur, un ch\u00e8que 150\u20ac vous sera demand\u00e9e en caution jusqu\u2019au jour de votre d\u00e9part.<\/span><\/p>\n<\/div>\n<\/li>\n<\/ul>\n<h1><span>Nous sommes tous les deux sur places et pouvons intervenir \u00e0 tout moment si vous avez un probl\u00e8me.<\/span><\/h1>\n<p><!--more--><br \/>\n<!-- {\"name\":\"Portfolio\",\"type\":\"layout\",\"children\":[{\"type\":\"section\",\"props\":{\"height\":\"section\",\"height_offset_top\":true,\"image\":\"wp-content\\\/uploads\\\/2023\\\/04\\\/EB4326C3-9AE8-42D0-AB64-86573D300A0C.jpeg\",\"image_position\":\"center-center\",\"style\":\"default\",\"title_breakpoint\":\"xl\",\"title_position\":\"top-left\",\"title_rotation\":\"left\",\"vertical_align\":\"middle\",\"width\":\"default\"},\"children\":[{\"type\":\"row\",\"children\":[{\"type\":\"column\",\"props\":{\"image_position\":\"center-center\",\"position_sticky_breakpoint\":\"m\"},\"children\":[{\"type\":\"headline\",\"props\":{\"content\":\"Bienvenue dans le chalet\\u00a0\\u00ab ManaBeach \\u00bb<br \\\/>qui vous accueille \\u00e0 Port Maguide <br \\\/>Toute l\\u2019ann\\u00e9e \\u00e0 partir de 2 nuits !\",\"text_align\":\"center\",\"title_color\":\"muted\",\"title_element\":\"h1\",\"title_font_family\":\"default\"}}]}]}]},{\"type\":\"section\",\"props\":{\"image_position\":\"center-center\",\"style\":\"default\",\"title_breakpoint\":\"xl\",\"title_position\":\"top-left\",\"title_rotation\":\"left\",\"vertical_align\":\"middle\",\"width\":\"default\"},\"children\":[{\"type\":\"row\",\"children\":[{\"type\":\"column\",\"props\":{\"image_position\":\"center-center\",\"position_sticky_breakpoint\":\"m\"},\"children\":[{\"type\":\"image\",\"props\":{\"image\":\"wp-content\\\/uploads\\\/2024\\\/11\\\/LOCATION-BISCARROSSE-LAC.jpg\",\"image_svg_color\":\"emphasis\",\"margin\":\"default\"}}]}]}]},{\"type\":\"section\",\"props\":{\"image_position\":\"center-center\",\"style\":\"default\",\"title_breakpoint\":\"xl\",\"title_position\":\"top-left\",\"title_rotation\":\"left\",\"vertical_align\":\"\",\"width\":\"default\"},\"children\":[{\"type\":\"row\",\"props\":{\"layout\":\"1-2,1-2\"},\"children\":[{\"type\":\"column\",\"props\":{\"image_position\":\"center-center\",\"position_sticky_breakpoint\":\"m\",\"width_medium\":\"1-2\"},\"children\":[{\"type\":\"text\",\"props\":{\"column_breakpoint\":\"m\",\"content\":\"\n\n<p><span>Constitu\\u00e9e d\\u2019une belle pi\\u00e8ce \\u00e0 vivre climatis\\u00e9e et lumineuse par ses deux larges baies vitr\\u00e9es donnant l\\u2019acc\\u00e8s direct \\u00e0 son espace ext\\u00e9rieur chill\\u2026 barbecue, transats et jacuzzi vous feront passer un moment conviviale et \\u00e0 l\\u2019abri des regards.<\\\/span><br \\\/><span><br \\\/>Avec un coin cuisine tout \\u00e9quip\\u00e9, un c\\u00f4t\\u00e9 salle \\u00e0 manger et salon avec grand \\u00e9cran connect\\u00e9 au wifi et apple tv, un grand canap\\u00e9 d\\u2019angle convertible en lit deux places pouvant accueillir deux enfants.<\\\/span><br \\\/><span>Une charmante salle d\\u2019eau avec sa grande douche \\u00e0 l\\u2019italienne . <\\\/span><br \\\/><span>Toilette japonais.<\\\/span><br \\\/><br \\\/><span>\\u00c0 toutes les saisons, vous pourrez profiter d\\u2019un moment de d\\u00e9tente dans le Jaccuzy \\u00e0 38\\u00b0C,<\\\/span><\\\/p>\\n\n\n<p><span>\\u00c0 l\\u2019\\u00e9tage, une magnifique chambre parentale perch\\u00e9e sous les toits \\u00e9quip\\u00e9e d\\u2019un \\u00e9cran plat \\u00e0 la d\\u00e9coration tr\\u00e8s cocooning vous offre une vue imprenable sur le lac et sa plage de sable fin. La nuit tomb\\u00e9e, le spectacle des \\u00e9toiles s\\u2019offre \\u00e0 vous\\u2026<\\\/span><br \\\/><span>Ce chalet est \\u00e9quip\\u00e9 de son linge de maison.<\\\/span><br \\\/><span>Tout est pr\\u00e9vu pour vous procurer douceur et l\\u00e2cher-prise.<\\\/span><\\\/p>\",\"margin\":\"\",\"maxwidth\":\"2xlarge\",\"text_align\":\"left\",\"text_style\":\"lead\"}}]},{\"type\":\"column\",\"props\":{\"image_position\":\"center-center\",\"position_sticky_breakpoint\":\"m\",\"width_medium\":\"1-2\"},\"children\":[{\"type\":\"image\",\"props\":{\"image\":\"wp-content\\\/uploads\\\/2023\\\/04\\\/87C7A366-5839-4059-8548-D287EAB34700.jpeg\",\"image_svg_color\":\"emphasis\",\"margin\":\"default\"}}]}]}]},{\"name\":\"Gallery\",\"type\":\"section\",\"props\":{\"image_position\":\"center-center\",\"image_size\":\"cover\",\"padding_remove_top\":true,\"style\":\"default\",\"title_breakpoint\":\"xl\",\"title_position\":\"top-left\",\"title_rotation\":\"left\",\"vertical_align\":\"\",\"width\":\"default\"},\"children\":[{\"type\":\"row\",\"props\":{\"layout\":\"2-3,1-3\",\"match\":false,\"vertical_align\":false},\"children\":[{\"type\":\"column\",\"props\":{\"image_position\":\"center-center\",\"position_sticky_breakpoint\":\"m\",\"width_small\":\"2-3\"},\"children\":[{\"type\":\"image\",\"props\":{\"image\":\"wp-content\\\/uploads\\\/2023\\\/04\\\/BE85360F-CEC5-43E8-9D87-43749DAA897F-scaled.jpeg\",\"image_loading\":true,\"image_svg_color\":\"emphasis\",\"image_width\":\"920\",\"link\":\"index.php?page_id=7\",\"margin\":\"\"}}]},{\"type\":\"column\",\"props\":{\"image_position\":\"center-center\",\"position_sticky_breakpoint\":\"m\",\"width_small\":\"1-3\"},\"children\":[{\"type\":\"image\",\"props\":{\"image\":\"wp-content\\\/uploads\\\/2023\\\/04\\\/A92EA1A7-0BCA-4725-B1D5-AE327C8471BB-scaled.jpeg\",\"image_loading\":true,\"image_svg_color\":\"emphasis\",\"image_width\":\"920\",\"link\":\"index.php?page_id=7\",\"margin\":\"\"}}]}]},{\"type\":\"row\",\"props\":{\"layout\":\"1-3,2-3\",\"match\":false},\"children\":[{\"type\":\"column\",\"props\":{\"image_position\":\"center-center\",\"position_sticky_breakpoint\":\"m\",\"width_small\":\"1-3\"},\"children\":[{\"type\":\"image\",\"props\":{\"image\":\"wp-content\\\/uploads\\\/2023\\\/04\\\/87C7A366-5839-4059-8548-D287EAB34700.jpeg\",\"image_loading\":true,\"image_svg_color\":\"emphasis\",\"image_width\":\"920\",\"link\":\"index.php?page_id=7\",\"margin\":\"\"}}]},{\"type\":\"column\",\"props\":{\"image_position\":\"center-center\",\"position_sticky_breakpoint\":\"m\",\"width_small\":\"2-3\"},\"children\":[{\"type\":\"image\",\"props\":{\"image\":\"wp-content\\\/uploads\\\/2023\\\/04\\\/DC82B356-1E2E-4C7B-901A-546762B693B4-scaled.jpeg\",\"image_loading\":true,\"image_svg_color\":\"emphasis\",\"image_width\":\"920\",\"link\":\"index.php?page_id=7\",\"margin\":\"\"}}]}]},{\"type\":\"row\",\"props\":{\"layout\":\"1-3,1-3,1-3\"},\"children\":[{\"type\":\"column\",\"props\":{\"image_position\":\"center-center\",\"position_sticky_breakpoint\":\"m\",\"width_small\":\"1-3\"},\"children\":[{\"type\":\"image\",\"props\":{\"image\":\"wp-content\\\/uploads\\\/2023\\\/04\\\/8981E95E-ED2F-42A4-A64F-8092C3A4DB42-scaled.jpeg\",\"image_svg_color\":\"emphasis\",\"image_width\":\"920\",\"link\":\"index.php?page_id=7\",\"margin\":\"\"}}]},{\"type\":\"column\",\"props\":{\"image_position\":\"center-center\",\"position_sticky_breakpoint\":\"m\",\"width_small\":\"1-3\"},\"children\":[{\"type\":\"image\",\"props\":{\"image\":\"wp-content\\\/uploads\\\/2023\\\/04\\\/DC82B356-1E2E-4C7B-901A-546762B693B4-scaled.jpeg\",\"image_svg_color\":\"emphasis\",\"image_width\":\"920\",\"link\":\"index.php?page_id=7\",\"margin\":\"\"}}]},{\"type\":\"column\",\"props\":{\"image_position\":\"center-center\",\"position_sticky_breakpoint\":\"m\",\"width_small\":\"1-3\"},\"children\":[{\"type\":\"image\",\"props\":{\"image\":\"wp-content\\\/uploads\\\/2023\\\/04\\\/8AF50E59-C844-4EB7-85C4-337CE46C3D3F-scaled.jpeg\",\"image_svg_color\":\"emphasis\",\"image_width\":\"920\",\"link\":\"index.php?page_id=7\",\"margin\":\"\"}}]}]}]},{\"type\":\"section\",\"props\":{\"image_position\":\"center-center\",\"style\":\"default\",\"title_breakpoint\":\"xl\",\"title_position\":\"top-left\",\"title_rotation\":\"left\",\"vertical_align\":\"\",\"width\":\"default\"},\"children\":[{\"type\":\"row\",\"children\":[{\"type\":\"column\",\"props\":{\"image_position\":\"center-center\",\"position_sticky_breakpoint\":\"m\"},\"children\":[{\"name\":\"Text Drop Cap\",\"type\":\"text\",\"props\":{\"column_breakpoint\":\"m\",\"content\":\"\n\n<p><span>En \\u00e9t\\u00e9, vous \\u00eates au coeur des festivit\\u00e9s et des activit\\u00e9s de la plage .<\\\/span><br \\\/><span>Vous appr\\u00e9cierez de pouvoir vous baigner \\u00e0 quelques pas du ManaBeach dans une eau limpide avoisinant les 24\\u00b0\\u00e0 28\\u00b0C .<\\\/span><br \\\/><span>Petit d\\u00e9jeuner et longue balade au lever du soleil le long du lac vous feront d\\u00e9marrer votre journ\\u00e9e tout en douceur \\u2026 Vous voil\\u00e0 pr\\u00eat pour d\\u00e9marrer une belle journ\\u00e9e!<\\\/span><br \\\/><br \\\/><span>du golf international de Biscarrosse \\u00e0 proximit\\u00e9 du \\u00ab\\u00a0ManaBeach\\u00a0\\u00bb.<\\\/span><br \\\/><span>Ce chalet est id\\u00e9al pour un couple, ou une petite famille. <\\\/span><br \\\/><br \\\/><span>\\u00c0 deux pas du ManaBeach vous trouverez :<\\\/span><br \\\/><span>l\\u2019Aquapark de Biscarrosse (plus grand parc aquatique gonflable au monde), P\\u00e9dal0s, Cano\\u00eb Kayak, Bou\\u00e9es tract\\u00e9es, ski nautique, Wake board, Flyboard, Surf Foil \\u00e9lectrique, location de bateau\\u2026Pour finir en douceur arr\\u00eatez vous \\u00e0 la cabane massage.<\\\/span><br \\\/><span>Sur la plage, pour une petite pause rapide, le snack \\u00ab\\u00a0Au Bord de l\\u2019O\\u00a0\\u00bb vous accueille de 9H \\u00e0 20H.<\\\/span><br \\\/><br \\\/><span>Pour r\\u00e9veiller vos papilles \\u2026 un ap\\u00e9ritif, un d\\u00e9jeuner, un d\\u00eener ou tout simplement boire un verre les pieds dans le sable \\u00e0 \\u00ab\\u00a0l\\u2019Idylle caf\\u00e9\\u00a0\\u00bb ou dans les jardins suspendue face au lac du restaurant \\u00ab\\u00a0Histoires de\\u00a0\\u00bb\\u2026Une invitation \\u00e0 l\\u2019\\u00e9vasion\\u2026 Deux adresses incontournables de Biscarrosse.<\\\/span><br \\\/><br \\\/><span>Le soir, la plage et les jardins s\\u2019illuminent et vous invite \\u00e0 danser au bord de l\\u2019eau\\u2026 De nombreux \\u00e9v\\u00e8nements, concerts et DJ sont au rendez vous durant tout l\\u2019\\u00e9t\\u00e9.<\\\/span><br \\\/><br \\\/><span>\\u00c0 partir de l\\u2019automne, vous serez en harmonie avec la nature, les activit\\u00e9s et les restaurants du lac commencent \\u00e0 fermer, la nature reprend ses droits et vous offre un endroit calme, reposant et une vue \\u00e0 couper le souffle.<\\\/span><br \\\/><span>Vous pourrez profiter de longues balades le long du lac ou en for\\u00eat \\u00e0 tout heure de la journ\\u00e9e.<\\\/span><br \\\/><span>\\u00c0 v\\u00e9lo, vous pourrez rejoindre l\\u2019oc\\u00e9an gr\\u00e2ce aux pistes cyclables.<\\\/span><br \\\/><br \\\/><span>Prendre contact avec l\\u2019office du tourisme pour les dates d\\u2019ouvertures et de fermetures des activit\\u00e9s et restaurants du lac de Port Maguide.<\\\/span><\\\/p>\",\"dropcap\":true,\"margin\":\"default\"}},{\"type\":\"image\",\"props\":{\"image\":\"wp-content\\\/uploads\\\/2023\\\/04\\\/D485F316-F185-42A4-B94D-404E31156366.jpeg\",\"image_svg_color\":\"emphasis\",\"margin\":\"default\",\"text_align\":\"center\"}},{\"name\":\"Switcher Tabs Top Image Bottom\",\"type\":\"switcher\",\"children\":[{\"type\":\"switcher_item\",\"props\":{\"content\":\"\n\n<p><span>Cuisine Ouverte sur le salon et salle \\u00e0 manger.<\\\/span><br \\\/><span>Toilette japonais<\\\/span><br \\\/><span>Salle d\\u2019eau <\\\/span><br \\\/><span>1 Chambre perch\\u00e9e sous les toits <\\\/span><br \\\/><span>1 Ext\\u00e9rieur <\\\/span><br \\\/><br \\\/><span>Equipement Principal \\u00e0 l\\u2019int\\u00e9rieur du chalet:<\\\/span><br \\\/><span>-Cuisine enti\\u00e8rement \\u00e9quip\\u00e9e y compris lave-vaisselle<\\\/span><br \\\/><span>-2 T\\u00e9l\\u00e9visions<\\\/span><br \\\/><span>-Wi-fi et Apple TV <\\\/span><br \\\/><span>-Lave-linge \\\/ S\\u00e8che-linge <\\\/span><br \\\/><span>-1 Climatisation r\\u00e9versible <\\\/span><br \\\/><span>-Lit parapluie<\\\/span><br \\\/><span>-Linge de maison (draps, serviettes de bain, peignoir, torchons)<\\\/span><br \\\/><span>-Enceinte portable\\u00a0<\\\/span><\\\/p>\",\"image\":\"\",\"title\":\"Logement\"}},{\"type\":\"switcher_item\",\"props\":{\"content\":\"\n\n<p><span>-2 Transats<\\\/span><br \\\/><span>-1 Barbecue<\\\/span><br \\\/><span>-1 Jaccuzy <\\\/span><br \\\/><span>-Table et chaise de jardin<\\\/span><\\\/p>\",\"link\":\"#\",\"link_text\":\"Size Guide\",\"title\":\"Equipement principale\"}},{\"type\":\"switcher_item\",\"props\":{\"content\":\"\n\n<p><span>LOCATION NON FUMEUR<\\\/span><br \\\/><br \\\/><span>R\\u00e9servation : <\\\/span><br \\\/><span>Arrhes \\u00e0 la r\\u00e9servation : 50% par virement <\\\/span><br \\\/><span>Le solde : 1 Semaine avant l'arriv\\u00e9e par virement <\\\/span><br \\\/><span>Le jour de votre arriv\\u00e9e :<\\\/span><br \\\/><span>\\u2022 1 ch\\u00e8que de caution de 1000\\u20ac non encaiss\\u00e9 et restituable (sous 10 jours) si aucun d\\u00e9g\\u00e2t<\\\/span><br \\\/><span>Le r\\u00e8glement de l\\u2019option m\\u00e9nage de fin de s\\u00e9jour (int\\u00e9rieur et ext\\u00e9rieur) soit 150\\u20ac.<\\\/span><br \\\/><span>Si toutefois vous ne souhaitez pas prendre cette option et faire vous-m\\u00eame le m\\u00e9nage int\\u00e9rieur et ext\\u00e9rieur, un ch\\u00e8que 150\\u20ac vous sera demand\\u00e9e en caution jusqu\\u2019au jour de votre d\\u00e9part.<\\\/span><\\\/p>\",\"image\":\"\",\"title\":\"R\\u00e9servation\"}}],\"props\":{\"content_column_breakpoint\":\"m\",\"image_align\":\"bottom\",\"image_grid_breakpoint\":\"m\",\"image_grid_width\":\"auto\",\"image_svg_color\":\"emphasis\",\"image_svg_inline\":true,\"image_vertical_align\":true,\"link_style\":\"default\",\"link_text\":\"Read more\",\"margin\":\"default\",\"margin_remove_bottom\":false,\"margin_remove_top\":false,\"meta_align\":\"below-title\",\"meta_element\":\"div\",\"meta_style\":\"text-meta\",\"nav\":\"tab\",\"nav_align\":\"left\",\"nav_grid_breakpoint\":\"m\",\"nav_grid_width\":\"auto\",\"nav_margin\":\"medium\",\"nav_position\":\"top\",\"show_content\":true,\"show_image\":true,\"show_label\":true,\"show_link\":true,\"show_meta\":true,\"show_thumbnail\":true,\"show_title\":false,\"switcher_animation\":\"fade\",\"switcher_height\":true,\"thumbnav_height\":\"75\",\"thumbnav_svg_color\":\"emphasis\",\"thumbnav_width\":\"100\",\"title_align\":\"top\",\"title_element\":\"h3\",\"title_grid_breakpoint\":\"m\",\"title_grid_width\":\"1-2\"}}]}]}]},{\"type\":\"section\",\"props\":{\"image_position\":\"center-center\",\"style\":\"default\",\"title_breakpoint\":\"xl\",\"title_position\":\"top-left\",\"title_rotation\":\"left\",\"vertical_align\":\"\",\"width\":\"default\"},\"children\":[{\"type\":\"row\",\"children\":[{\"type\":\"column\",\"props\":{\"image_position\":\"center-center\",\"position_sticky_breakpoint\":\"m\"},\"children\":[{\"type\":\"headline\",\"props\":{\"content\":\"<span>Nous sommes tous les deux sur places et pouvons intervenir \\u00e0 tout moment si vous avez un probl\\u00e8me.<\\\/span>\",\"text_align\":\"center\",\"title_element\":\"h1\",\"title_font_family\":\"primary\",\"title_style\":\"h5\"}}]}]}]}],\"version\":\"4.4.12\"} --><\/p>\n","protected":false},"excerpt":{"rendered":"<p>Bienvenue dans le chalet\u00a0\u00ab ManaBeach \u00bbqui vous accueille \u00e0 Port Maguide Toute l\u2019ann\u00e9e \u00e0 partir de 2 nuits ! Constitu\u00e9e d\u2019une belle pi\u00e8ce \u00e0 vivre climatis\u00e9e et lumineuse par ses deux larges baies vitr\u00e9es donnant l\u2019acc\u00e8s direct \u00e0 son espace ext\u00e9rieur chill\u2026 barbecue, transats et jacuzzi vous feront passer un moment conviviale et \u00e0 l\u2019abri [&hellip;]<\/p>\n","protected":false},"author":1,"featured_media":0,"parent":0,"menu_order":1,"comment_status":"open","ping_status":"open","template":"","meta":{"_acf_changed":false,"footnotes":""},"class_list":["post-2","page","type-page","status-publish","hentry"],"acf":[],"_links":{"self":[{"href":"https:\/\/manabeach.fr\/index.php?rest_route=\/wp\/v2\/pages\/2","targetHints":{"allow":["GET"]}}],"collection":[{"href":"https:\/\/manabeach.fr\/index.php?rest_route=\/wp\/v2\/pages"}],"about":[{"href":"https:\/\/manabeach.fr\/index.php?rest_route=\/wp\/v2\/types\/page"}],"author":[{"embeddable":true,"href":"https:\/\/manabeach.fr\/index.php?rest_route=\/wp\/v2\/users\/1"}],"replies":[{"embeddable":true,"href":"https:\/\/manabeach.fr\/index.php?rest_route=%2Fwp%2Fv2%2Fcomments&post=2"}],"version-history":[{"count":21,"href":"https:\/\/manabeach.fr\/index.php?rest_route=\/wp\/v2\/pages\/2\/revisions"}],"predecessor-version":[{"id":1420,"href":"https:\/\/manabeach.fr\/index.php?rest_route=\/wp\/v2\/pages\/2\/revisions\/1420"}],"wp:attachment":[{"href":"https:\/\/manabeach.fr\/index.php?rest_route=%2Fwp%2Fv2%2Fmedia&parent=2"}],"curies":[{"name":"wp","href":"https:\/\/api.w.org\/{rel}","templated":true}]}}