{"id":1382,"date":"2024-11-12T07:51:07","date_gmt":"2024-11-12T06:51:07","guid":{"rendered":"https:\/\/manabeach.fr\/?page_id=1382"},"modified":"2024-11-12T08:15:28","modified_gmt":"2024-11-12T07:15:28","slug":"la-maison-du-lac-location-standing-biscarrosse","status":"publish","type":"page","link":"https:\/\/manabeach.fr\/?page_id=1382","title":{"rendered":"La Maison du lac &#8211; Location Standing Biscarrosse"},"content":{"rendered":"<div>\n<p>        <img decoding=\"async\" src=\"\/wp-content\/uploads\/2024\/11\/8a8e77b3-833b-4fcf-a92c-ed9a07e661fd.webp\" alt=\"\"><\/p>\n<div>\n<h2><strong>La Maison Du Lac<\/strong><\/h2>\n<p><span>Magnifique maison de vacances au bord du lac de Biscarrosse, pouvant accueillir jusqu&rsquo;\u00e0 10 personnes. Elle dispose de 4 chambres dont une pour personnes \u00e0 mobilit\u00e9 r\u00e9duite, un jacuzzi, et un ponton pour amarrer un bateau. Jardin pour garer jusqu&rsquo;\u00e0 4 voitures.\u00a0<\/span><\/p>\n<\/div>\n<\/div>\n<ul>\n<li>\n        <a href=\"https:\/\/www.airbnb.fr\/rooms\/763660567821381972\">RESERVATION SUR AIRBNB<\/a>\n    <\/li>\n<li>\n        <a href=\"https:\/\/www.booking.com\/hotel\/fr\/la-maison-du-lac-biscarrosse1.fr.html\">RESERVATION SUR BOOKING<\/a>\n    <\/li>\n<\/ul>\n<h1><span class=\"l1h825yc atm_kd_19r6f69_24z95b atm_kd_19r6f69_1xbvphn_1oszvuo dir dir-ltr\">Maison de prestige, situ\u00e9e dans un emplacement de choix, face au lac. De la pi\u00e8ce \u00e0 vivre jusqu&rsquo;\u00e0 la chambre principale, vous aurez le privil\u00e8ge d&rsquo;admirer une vue sublime sur le Lac de Biscarrosse, offrant un panorama exceptionnel qui invite \u00e0 la s\u00e9r\u00e9nit\u00e9.<br \/>Il vous suffira d&rsquo;une minute \u00e0 peine pour rejoindre les eaux rafra\u00eechissantes et vous adonner \u00e0 une baignade revigorante.<br \/>Profitez des moments conviviaux autour d&rsquo;un barbecue de qualit\u00e9, parfait pour r\u00e9unir famille et amis dans une ambiance chaleureuse et d\u00e9tendue.<br \/>La propri\u00e9t\u00e9 est \u00e9quip\u00e9e pour le plaisir et les activit\u00e9s de plein air, offrant paddles, v\u00e9los, une table de ping-pong, billard, babyfoot, panier de basket. Tout est pr\u00e9vu pour que vous puissiez profiter pleinement de vos loisirs et sports favoris.<\/span><\/h1>\n<ul>\n<li>\n<p>        <img decoding=\"async\" src=\"\/wp-content\/uploads\/2024\/11\/8a8e77b3-833b-4fcf-a92c-ed9a07e661fd.webp\" alt=\"\"><\/p>\n<h3>8a8e77b3-833b-4fcf-a92c-ed9a07e661fd<\/h3>\n<\/li>\n<li>\n<p>        <img decoding=\"async\" src=\"\/wp-content\/uploads\/2024\/11\/70ffe48e-23be-4b6d-90c5-01b669461606.webp\" alt=\"\"><\/p>\n<h3>70ffe48e-23be-4b6d-90c5-01b669461606<\/h3>\n<\/li>\n<li>\n<p>        <img decoding=\"async\" src=\"\/wp-content\/uploads\/2024\/11\/La-maison-du-lac-location-maison-biscarrosse-lac-7.jpg\" alt=\"\"><\/p>\n<h3>La-maison-du-lac-location-maison-biscarrosse-lac-7<\/h3>\n<\/li>\n<li>\n<p>        <img decoding=\"async\" src=\"\/wp-content\/uploads\/2024\/11\/La-maison-du-lac-location-maison-biscarrosse-lac-2.jpg\" alt=\"\"><\/p>\n<h3>La-maison-du-lac-location-maison-biscarrosse-lac-2<\/h3>\n<\/li>\n<li>\n<p>        <img decoding=\"async\" src=\"\/wp-content\/uploads\/2024\/11\/32e7f1ab-006d-4f14-bd08-6470d9eeaca8.webp\" alt=\"\"><\/p>\n<h3>32e7f1ab-006d-4f14-bd08-6470d9eeaca8<\/h3>\n<\/li>\n<li>\n<p>        <img decoding=\"async\" src=\"\/wp-content\/uploads\/2024\/11\/530834925.jpg\" alt=\"\"><\/p>\n<h3>530834925<\/h3>\n<\/li>\n<li>\n<p>        <img decoding=\"async\" src=\"\/wp-content\/uploads\/2024\/11\/529006061.jpg\" alt=\"\"><\/p>\n<h3>529006061<\/h3>\n<\/li>\n<li>\n<p>        <img decoding=\"async\" src=\"\/wp-content\/uploads\/2024\/11\/La-maison-du-lac-location-maison-biscarrosse-lac-3.jpg\" alt=\"\"><\/p>\n<h3>La-maison-du-lac-location-maison-biscarrosse-lac-3<\/h3>\n<\/li>\n<li>\n<p>        <img decoding=\"async\" src=\"\/wp-content\/uploads\/2024\/11\/La-maison-du-lac-location-maison-biscarrosse-lac-4.jpg\" alt=\"\"><\/p>\n<h3>La-maison-du-lac-location-maison-biscarrosse-lac-4<\/h3>\n<\/li>\n<li>\n<p>        <img decoding=\"async\" src=\"\/wp-content\/uploads\/2024\/11\/La-maison-du-lac-location-maison-biscarrosse-lac-5.jpg\" alt=\"\"><\/p>\n<h3>La-maison-du-lac-location-maison-biscarrosse-lac-5<\/h3>\n<\/li>\n<li>\n<p>        <img decoding=\"async\" src=\"\/wp-content\/uploads\/2024\/11\/La-maison-du-lac-location-maison-biscarrosse-lac-6.jpg\" alt=\"\"><\/p>\n<h3>La-maison-du-lac-location-maison-biscarrosse-lac-6<\/h3>\n<\/li>\n<li>\n<p>        <img decoding=\"async\" src=\"\/wp-content\/uploads\/2024\/11\/La-maison-du-lac-location-maison-biscarrosse-lac-12.jpg\" alt=\"\"><\/p>\n<h3>La-maison-du-lac-location-maison-biscarrosse-lac-12<\/h3>\n<\/li>\n<li>\n<p>        <img decoding=\"async\" src=\"\/wp-content\/uploads\/2024\/11\/La-maison-du-lac-location-maison-biscarrosse-lac-11.jpg\" alt=\"\"><\/p>\n<h3>La-maison-du-lac-location-maison-biscarrosse-lac-11<\/h3>\n<\/li>\n<li>\n<p>        <img decoding=\"async\" src=\"\/wp-content\/uploads\/2024\/11\/La-maison-du-lac-location-maison-biscarrosse-lac19.jpg\" alt=\"\"><\/p>\n<h3>La-maison-du-lac-location-maison-biscarrosse-lac19<\/h3>\n<\/li>\n<li>\n<p>        <img decoding=\"async\" src=\"\/wp-content\/uploads\/2024\/11\/La-maison-du-lac-location-maison-biscarrosse-lac-20.jpg\" alt=\"\"><\/p>\n<h3>La-maison-du-lac-location-maison-biscarrosse-lac-20<\/h3>\n<\/li>\n<li>\n<p>        <img decoding=\"async\" src=\"\/wp-content\/uploads\/2024\/11\/La-maison-du-lac-location-maison-biscarrosse-lac-10.jpg\" alt=\"\"><\/p>\n<h3>La-maison-du-lac-location-maison-biscarrosse-lac-10<\/h3>\n<\/li>\n<li>\n<p>        <img decoding=\"async\" src=\"\/wp-content\/uploads\/2024\/11\/La-maison-du-lac-location-maison-biscarrosse-lac-9.jpg\" alt=\"\"><\/p>\n<h3>La-maison-du-lac-location-maison-biscarrosse-lac-9<\/h3>\n<\/li>\n<li>\n<p>        <img decoding=\"async\" src=\"\/wp-content\/uploads\/2024\/11\/La-maison-du-lac-location-maison-biscarrosse-lac-16.jpg\" alt=\"\"><\/p>\n<h3>La-maison-du-lac-location-maison-biscarrosse-lac-16<\/h3>\n<\/li>\n<li>\n<p>        <img decoding=\"async\" src=\"\/wp-content\/uploads\/2024\/11\/La-maison-du-lac-location-maison-biscarrosse-lac-15.jpg\" alt=\"\"><\/p>\n<h3>La-maison-du-lac-location-maison-biscarrosse-lac-15<\/h3>\n<\/li>\n<li>\n<p>        <img decoding=\"async\" src=\"\/wp-content\/uploads\/2024\/11\/La-maison-du-lac-location-maison-biscarrosse-lac-8.jpg\" alt=\"\"><\/p>\n<h3>La-maison-du-lac-location-maison-biscarrosse-lac-8<\/h3>\n<\/li>\n<li>\n<p>        <img decoding=\"async\" src=\"\/wp-content\/uploads\/2024\/11\/La-maison-du-lac-location-maison-biscarrosse-lac-13.jpg\" alt=\"\"><\/p>\n<h3>La-maison-du-lac-location-maison-biscarrosse-lac-13<\/h3>\n<\/li>\n<\/ul>\n<blockquote>\n<div class=\"_tp3sbt\">\n<section><span class=\"l1h825yc atm_kd_19r6f69_24z95b atm_kd_19r6f69_1xbvphn_1oszvuo dir dir-ltr\">Bienvenue dans notre magnifique maison au bord du lac de Biscarrosse ! Avec une superficie de 200 m\u00b2, notre maison peut accueillir jusqu&rsquo;\u00e0 10 personnes dans le plus grand confort.<\/p>\n<p>La maison est \u00e9quip\u00e9e de quatre chambres, chacune avec son propre charme.<\/p>\n<p>La premi\u00e8re chambre est sp\u00e9cialement con\u00e7ue pour les personnes \u00e0 mobilit\u00e9 r\u00e9duite, avec une salle de bain \u00e9quip\u00e9e d&rsquo;une douche \u00e0 l&rsquo;italienne et des toilettes. Il y a m\u00eame une petite cuisine !<\/p>\n<p>La deuxi\u00e8me chambre, situ\u00e9e au premier \u00e9tage, est la suite parentale, offrant une vue imprenable sur le lac. Elle dispose \u00e9galement d&rsquo;une salle de bain avec douche \u00e0 l&rsquo;italienne, des toilettes et un dressing.<\/p>\n<p>La troisi\u00e8me chambre, situ\u00e9e au rez-de-chauss\u00e9e, est parfaite pour deux personnes avec sa petite salle de bain priv\u00e9e \u00e9quip\u00e9e d&rsquo;une douche \u00e0 l&rsquo;italienne.<\/p>\n<p>Enfin, la quatri\u00e8me chambre est id\u00e9ale pour les enfants, avec deux lits double confortables.<\/p>\n<p>En plus des chambres, notre jardin est un v\u00e9ritable oasis de d\u00e9tente. Vous pourrez vous d\u00e9tendre dans le jacuzzi.<\/p>\n<p>Vous n&rsquo;aurez pas \u00e0 vous soucier de trouver un parking pour vos v\u00e9hicules, car vous pouvez en garer jusqu&rsquo;\u00e0 quatre dans notre jardin. Si vous avez un bateau, vous pourrez l&rsquo;amarrer au ponton et profiter du lac.<\/p>\n<p>Enfin, la maison est id\u00e9alement situ\u00e9e, juste en face de la piste cyclable et d&rsquo;une grande plage de sable fin. Vous pourrez ainsi profiter des activit\u00e9s nautiques et de plein air, ou simplement vous d\u00e9tendre sur la plage.<br \/><\/span><\/section>\n<\/div>\n<\/blockquote>\n<ul>\n<li>\n        <a href=\"https:\/\/www.airbnb.fr\/rooms\/763660567821381972\">RESERVATION SUR AIRBNB<\/a>\n    <\/li>\n<li>\n        <a href=\"https:\/\/www.booking.com\/hotel\/fr\/la-maison-du-lac-biscarrosse1.fr.html\">RESERVATION SUR BOOKING<\/a>\n    <\/li>\n<\/ul>\n<p><!--more--><br \/>\n<!-- {\"type\":\"layout\",\"children\":[{\"type\":\"section\",\"props\":{\"image_position\":\"center-center\",\"style\":\"default\",\"title_breakpoint\":\"xl\",\"title_position\":\"top-left\",\"title_rotation\":\"left\",\"vertical_align\":\"middle\",\"width\":\"default\"},\"children\":[{\"type\":\"row\",\"children\":[{\"type\":\"column\",\"props\":{\"image_position\":\"center-center\",\"position_sticky_breakpoint\":\"m\"},\"children\":[{\"type\":\"overlay\",\"props\":{\"content\":\"\n\n<h2><strong>La Maison Du Lac<\\\/strong><\\\/h2>\\n\n\n<p><span>Magnifique maison de vacances au bord du lac de Biscarrosse, pouvant accueillir jusqu'\\u00e0 10 personnes. Elle dispose de 4 chambres dont une pour personnes \\u00e0 mobilit\\u00e9 r\\u00e9duite, un jacuzzi, et un ponton pour amarrer un bateau. Jardin pour garer jusqu'\\u00e0 4 voitures.\\u00a0<\\\/span><\\\/p>\",\"image\":\"wp-content\\\/uploads\\\/2024\\\/11\\\/8a8e77b3-833b-4fcf-a92c-ed9a07e661fd.webp\",\"link_style\":\"default\",\"link_text\":\"Read more\",\"margin\":\"default\",\"meta_align\":\"below-title\",\"meta_element\":\"div\",\"meta_style\":\"text-meta\",\"overlay_hover\":false,\"overlay_mode\":\"cover\",\"overlay_position\":\"center\",\"overlay_style\":\"overlay-primary\",\"overlay_transition\":\"fade\",\"text_align\":\"center\",\"text_color\":\"light\",\"title_element\":\"h3\",\"title_hover_style\":\"reset\"}},{\"type\":\"button\",\"props\":{\"button_size\":\"large\",\"grid_column_gap\":\"small\",\"grid_row_gap\":\"small\",\"margin\":\"default\",\"text_align\":\"center\"},\"children\":[{\"type\":\"button_item\",\"props\":{\"button_style\":\"danger\",\"content\":\"RESERVATION SUR AIRBNB\",\"icon_align\":\"left\",\"link\":\"https:\\\/\\\/www.airbnb.fr\\\/rooms\\\/763660567821381972\",\"link_target\":\"blank\"}},{\"type\":\"button_item\",\"props\":{\"button_style\":\"primary\",\"content\":\"RESERVATION SUR BOOKING\",\"icon_align\":\"left\",\"link\":\"https:\\\/\\\/www.booking.com\\\/hotel\\\/fr\\\/la-maison-du-lac-biscarrosse1.fr.html\",\"link_target\":\"blank\"}}]}]}]}]},{\"type\":\"section\",\"props\":{\"image_position\":\"center-center\",\"style\":\"default\",\"title_breakpoint\":\"xl\",\"title_position\":\"top-left\",\"title_rotation\":\"left\",\"vertical_align\":\"middle\",\"width\":\"default\"},\"children\":[{\"type\":\"row\",\"children\":[{\"type\":\"column\",\"props\":{\"image_position\":\"center-center\",\"position_sticky_breakpoint\":\"m\"},\"children\":[{\"type\":\"headline\",\"props\":{\"content\":\"<span class=\\\"l1h825yc atm_kd_19r6f69_24z95b atm_kd_19r6f69_1xbvphn_1oszvuo dir dir-ltr\\\">Maison de prestige, situ\\u00e9e dans un emplacement de choix, face au lac. De la pi\\u00e8ce \\u00e0 vivre jusqu'\\u00e0 la chambre principale, vous aurez le privil\\u00e8ge d'admirer une vue sublime sur le Lac de Biscarrosse, offrant un panorama exceptionnel qui invite \\u00e0 la s\\u00e9r\\u00e9nit\\u00e9.<br \\\/>Il vous suffira d'une minute \\u00e0 peine pour rejoindre les eaux rafra\\u00eechissantes et vous adonner \\u00e0 une baignade revigorante.<br \\\/>Profitez des moments conviviaux autour d'un barbecue de qualit\\u00e9, parfait pour r\\u00e9unir famille et amis dans une ambiance chaleureuse et d\\u00e9tendue.<br \\\/>La propri\\u00e9t\\u00e9 est \\u00e9quip\\u00e9e pour le plaisir et les activit\\u00e9s de plein air, offrant paddles, v\\u00e9los, une table de ping-pong, billard, babyfoot, panier de basket. Tout est pr\\u00e9vu pour que vous puissiez profiter pleinement de vos loisirs et sports favoris.<\\\/span>\",\"title_decoration\":\"bullet\",\"title_element\":\"h1\",\"title_style\":\"text-lead\"}}]}]}]},{\"type\":\"section\",\"props\":{\"image_position\":\"center-center\",\"style\":\"default\",\"title_breakpoint\":\"xl\",\"title_position\":\"top-left\",\"title_rotation\":\"left\",\"vertical_align\":\"middle\",\"width\":\"default\"},\"children\":[{\"type\":\"row\",\"children\":[{\"type\":\"column\",\"props\":{\"image_position\":\"center-center\",\"position_sticky_breakpoint\":\"m\"},\"children\":[{\"type\":\"gallery\",\"props\":{\"filter_align\":\"left\",\"filter_all\":true,\"filter_grid_breakpoint\":\"m\",\"filter_grid_width\":\"auto\",\"filter_position\":\"top\",\"filter_style\":\"tab\",\"grid_default\":\"1\",\"grid_medium\":\"3\",\"item_animation\":true,\"link_style\":\"default\",\"link_text\":\"Read more\",\"margin\":\"default\",\"meta_align\":\"below-title\",\"meta_element\":\"div\",\"meta_style\":\"text-meta\",\"overlay_hover\":true,\"overlay_mode\":\"cover\",\"overlay_position\":\"center\",\"overlay_style\":\"overlay-primary\",\"overlay_transition\":\"fade\",\"show_content\":true,\"show_hover_image\":true,\"show_hover_video\":true,\"show_link\":true,\"show_meta\":false,\"show_title\":false,\"text_align\":\"center\",\"text_color\":\"light\",\"title_element\":\"h3\",\"title_hover_style\":\"reset\"},\"children\":[{\"type\":\"gallery_item\",\"props\":{\"image\":\"wp-content\\\/uploads\\\/2024\\\/11\\\/8a8e77b3-833b-4fcf-a92c-ed9a07e661fd.webp\",\"title\":\"8a8e77b3-833b-4fcf-a92c-ed9a07e661fd\"}},{\"type\":\"gallery_item\",\"props\":{\"image\":\"wp-content\\\/uploads\\\/2024\\\/11\\\/70ffe48e-23be-4b6d-90c5-01b669461606.webp\",\"title\":\"70ffe48e-23be-4b6d-90c5-01b669461606\"}},{\"type\":\"gallery_item\",\"props\":{\"image\":\"wp-content\\\/uploads\\\/2024\\\/11\\\/La-maison-du-lac-location-maison-biscarrosse-lac-7.jpg\",\"title\":\"La-maison-du-lac-location-maison-biscarrosse-lac-7\"}},{\"type\":\"gallery_item\",\"props\":{\"image\":\"wp-content\\\/uploads\\\/2024\\\/11\\\/La-maison-du-lac-location-maison-biscarrosse-lac-2.jpg\",\"title\":\"La-maison-du-lac-location-maison-biscarrosse-lac-2\"}},{\"type\":\"gallery_item\",\"props\":{\"image\":\"wp-content\\\/uploads\\\/2024\\\/11\\\/32e7f1ab-006d-4f14-bd08-6470d9eeaca8.webp\",\"title\":\"32e7f1ab-006d-4f14-bd08-6470d9eeaca8\"}},{\"type\":\"gallery_item\",\"props\":{\"image\":\"wp-content\\\/uploads\\\/2024\\\/11\\\/530834925.jpg\",\"title\":\"530834925\"}},{\"type\":\"gallery_item\",\"props\":{\"image\":\"wp-content\\\/uploads\\\/2024\\\/11\\\/529006061.jpg\",\"title\":\"529006061\"}},{\"type\":\"gallery_item\",\"props\":{\"image\":\"wp-content\\\/uploads\\\/2024\\\/11\\\/La-maison-du-lac-location-maison-biscarrosse-lac-3.jpg\",\"title\":\"La-maison-du-lac-location-maison-biscarrosse-lac-3\"}},{\"type\":\"gallery_item\",\"props\":{\"image\":\"wp-content\\\/uploads\\\/2024\\\/11\\\/La-maison-du-lac-location-maison-biscarrosse-lac-4.jpg\",\"title\":\"La-maison-du-lac-location-maison-biscarrosse-lac-4\"}},{\"type\":\"gallery_item\",\"props\":{\"image\":\"wp-content\\\/uploads\\\/2024\\\/11\\\/La-maison-du-lac-location-maison-biscarrosse-lac-5.jpg\",\"title\":\"La-maison-du-lac-location-maison-biscarrosse-lac-5\"}},{\"type\":\"gallery_item\",\"props\":{\"image\":\"wp-content\\\/uploads\\\/2024\\\/11\\\/La-maison-du-lac-location-maison-biscarrosse-lac-6.jpg\",\"title\":\"La-maison-du-lac-location-maison-biscarrosse-lac-6\"}},{\"type\":\"gallery_item\",\"props\":{\"image\":\"wp-content\\\/uploads\\\/2024\\\/11\\\/La-maison-du-lac-location-maison-biscarrosse-lac-12.jpg\",\"title\":\"La-maison-du-lac-location-maison-biscarrosse-lac-12\"}},{\"type\":\"gallery_item\",\"props\":{\"image\":\"wp-content\\\/uploads\\\/2024\\\/11\\\/La-maison-du-lac-location-maison-biscarrosse-lac-11.jpg\",\"title\":\"La-maison-du-lac-location-maison-biscarrosse-lac-11\"}},{\"type\":\"gallery_item\",\"props\":{\"image\":\"wp-content\\\/uploads\\\/2024\\\/11\\\/La-maison-du-lac-location-maison-biscarrosse-lac19.jpg\",\"title\":\"La-maison-du-lac-location-maison-biscarrosse-lac19\"}},{\"type\":\"gallery_item\",\"props\":{\"image\":\"wp-content\\\/uploads\\\/2024\\\/11\\\/La-maison-du-lac-location-maison-biscarrosse-lac-20.jpg\",\"title\":\"La-maison-du-lac-location-maison-biscarrosse-lac-20\"}},{\"type\":\"gallery_item\",\"props\":{\"image\":\"wp-content\\\/uploads\\\/2024\\\/11\\\/La-maison-du-lac-location-maison-biscarrosse-lac-10.jpg\",\"title\":\"La-maison-du-lac-location-maison-biscarrosse-lac-10\"}},{\"type\":\"gallery_item\",\"props\":{\"image\":\"wp-content\\\/uploads\\\/2024\\\/11\\\/La-maison-du-lac-location-maison-biscarrosse-lac-9.jpg\",\"title\":\"La-maison-du-lac-location-maison-biscarrosse-lac-9\"}},{\"type\":\"gallery_item\",\"props\":{\"image\":\"wp-content\\\/uploads\\\/2024\\\/11\\\/La-maison-du-lac-location-maison-biscarrosse-lac-16.jpg\",\"title\":\"La-maison-du-lac-location-maison-biscarrosse-lac-16\"}},{\"type\":\"gallery_item\",\"props\":{\"image\":\"wp-content\\\/uploads\\\/2024\\\/11\\\/La-maison-du-lac-location-maison-biscarrosse-lac-15.jpg\",\"title\":\"La-maison-du-lac-location-maison-biscarrosse-lac-15\"}},{\"type\":\"gallery_item\",\"props\":{\"image\":\"wp-content\\\/uploads\\\/2024\\\/11\\\/La-maison-du-lac-location-maison-biscarrosse-lac-8.jpg\",\"title\":\"La-maison-du-lac-location-maison-biscarrosse-lac-8\"}},{\"type\":\"gallery_item\",\"props\":{\"image\":\"wp-content\\\/uploads\\\/2024\\\/11\\\/La-maison-du-lac-location-maison-biscarrosse-lac-13.jpg\",\"title\":\"La-maison-du-lac-location-maison-biscarrosse-lac-13\"}}]}]}]}]},{\"type\":\"section\",\"props\":{\"image_position\":\"center-center\",\"style\":\"default\",\"title_breakpoint\":\"xl\",\"title_position\":\"top-left\",\"title_rotation\":\"left\",\"vertical_align\":\"middle\",\"width\":\"default\"},\"children\":[{\"type\":\"row\",\"children\":[{\"type\":\"column\",\"props\":{\"image_position\":\"center-center\",\"position_sticky_breakpoint\":\"m\"},\"children\":[{\"type\":\"quotation\",\"props\":{\"content\":\"\n\n<div class=\\\"_tp3sbt\\\">\\n\n\n<section><span class=\\\"l1h825yc atm_kd_19r6f69_24z95b atm_kd_19r6f69_1xbvphn_1oszvuo dir dir-ltr\\\">Bienvenue dans notre magnifique maison au bord du lac de Biscarrosse ! Avec une superficie de 200 m\\u00b2, notre maison peut accueillir jusqu'\\u00e0 10 personnes dans le plus grand confort.<br \\\/><br \\\/>La maison est \\u00e9quip\\u00e9e de quatre chambres, chacune avec son propre charme.<br \\\/><br \\\/>La premi\\u00e8re chambre est sp\\u00e9cialement con\\u00e7ue pour les personnes \\u00e0 mobilit\\u00e9 r\\u00e9duite, avec une salle de bain \\u00e9quip\\u00e9e d'une douche \\u00e0 l'italienne et des toilettes. Il y a m\\u00eame une petite cuisine !<br \\\/><br \\\/>La deuxi\\u00e8me chambre, situ\\u00e9e au premier \\u00e9tage, est la suite parentale, offrant une vue imprenable sur le lac. Elle dispose \\u00e9galement d'une salle de bain avec douche \\u00e0 l'italienne, des toilettes et un dressing.<br \\\/><br \\\/>La troisi\\u00e8me chambre, situ\\u00e9e au rez-de-chauss\\u00e9e, est parfaite pour deux personnes avec sa petite salle de bain priv\\u00e9e \\u00e9quip\\u00e9e d'une douche \\u00e0 l'italienne.<br \\\/><br \\\/>Enfin, la quatri\\u00e8me chambre est id\\u00e9ale pour les enfants, avec deux lits double confortables.<br \\\/><br \\\/>En plus des chambres, notre jardin est un v\\u00e9ritable oasis de d\\u00e9tente. Vous pourrez vous d\\u00e9tendre dans le jacuzzi.<br \\\/><br \\\/>Vous n'aurez pas \\u00e0 vous soucier de trouver un parking pour vos v\\u00e9hicules, car vous pouvez en garer jusqu'\\u00e0 quatre dans notre jardin. Si vous avez un bateau, vous pourrez l'amarrer au ponton et profiter du lac.<br \\\/><br \\\/>Enfin, la maison est id\\u00e9alement situ\\u00e9e, juste en face de la piste cyclable et d'une grande plage de sable fin. Vous pourrez ainsi profiter des activit\\u00e9s nautiques et de plein air, ou simplement vous d\\u00e9tendre sur la plage.<br \\\/><\\\/span><\\\/section>\\n<\\\/div>\"}}]}]}]},{\"type\":\"section\",\"props\":{\"image_position\":\"center-center\",\"style\":\"default\",\"title_breakpoint\":\"xl\",\"title_position\":\"top-left\",\"title_rotation\":\"left\",\"vertical_align\":\"middle\",\"width\":\"default\"},\"children\":[{\"type\":\"row\",\"children\":[{\"type\":\"column\",\"props\":{\"image_position\":\"center-center\",\"position_sticky_breakpoint\":\"m\"},\"children\":[{\"type\":\"button\",\"props\":{\"button_size\":\"large\",\"grid_column_gap\":\"small\",\"grid_row_gap\":\"small\",\"margin\":\"default\",\"text_align\":\"center\"},\"children\":[{\"type\":\"button_item\",\"props\":{\"button_style\":\"danger\",\"content\":\"RESERVATION SUR AIRBNB\",\"icon_align\":\"left\",\"link\":\"https:\\\/\\\/www.airbnb.fr\\\/rooms\\\/763660567821381972\",\"link_target\":\"blank\"}},{\"type\":\"button_item\",\"props\":{\"button_style\":\"primary\",\"content\":\"RESERVATION SUR BOOKING\",\"icon_align\":\"left\",\"link\":\"https:\\\/\\\/www.booking.com\\\/hotel\\\/fr\\\/la-maison-du-lac-biscarrosse1.fr.html\",\"link_target\":\"blank\"}}]}]}]}]}],\"version\":\"4.4.12\"} --><\/p>\n","protected":false},"excerpt":{"rendered":"<p>La Maison Du Lac Magnifique maison de vacances au bord du lac de Biscarrosse, pouvant accueillir jusqu&rsquo;\u00e0 10 personnes. Elle dispose de 4 chambres dont une pour personnes \u00e0 mobilit\u00e9 r\u00e9duite, un jacuzzi, et un ponton pour amarrer un bateau. Jardin pour garer jusqu&rsquo;\u00e0 4 voitures.\u00a0 RESERVATION SUR AIRBNB RESERVATION SUR BOOKING Maison de prestige, [&hellip;]<\/p>\n","protected":false},"author":1,"featured_media":0,"parent":0,"menu_order":0,"comment_status":"closed","ping_status":"closed","template":"","meta":{"_acf_changed":false,"footnotes":""},"class_list":["post-1382","page","type-page","status-publish","hentry"],"acf":[],"_links":{"self":[{"href":"https:\/\/manabeach.fr\/index.php?rest_route=\/wp\/v2\/pages\/1382","targetHints":{"allow":["GET"]}}],"collection":[{"href":"https:\/\/manabeach.fr\/index.php?rest_route=\/wp\/v2\/pages"}],"about":[{"href":"https:\/\/manabeach.fr\/index.php?rest_route=\/wp\/v2\/types\/page"}],"author":[{"embeddable":true,"href":"https:\/\/manabeach.fr\/index.php?rest_route=\/wp\/v2\/users\/1"}],"replies":[{"embeddable":true,"href":"https:\/\/manabeach.fr\/index.php?rest_route=%2Fwp%2Fv2%2Fcomments&post=1382"}],"version-history":[{"count":14,"href":"https:\/\/manabeach.fr\/index.php?rest_route=\/wp\/v2\/pages\/1382\/revisions"}],"predecessor-version":[{"id":1418,"href":"https:\/\/manabeach.fr\/index.php?rest_route=\/wp\/v2\/pages\/1382\/revisions\/1418"}],"wp:attachment":[{"href":"https:\/\/manabeach.fr\/index.php?rest_route=%2Fwp%2Fv2%2Fmedia&parent=1382"}],"curies":[{"name":"wp","href":"https:\/\/api.w.org\/{rel}","templated":true}]}}