{"id":1122,"date":"2023-04-12T21:57:38","date_gmt":"2023-04-12T19:57:38","guid":{"rendered":"https:\/\/manabeach.fr\/?page_id=1122"},"modified":"2026-02-17T16:12:03","modified_gmt":"2026-02-17T15:12:03","slug":"reservations","status":"publish","type":"page","link":"https:\/\/manabeach.fr\/?page_id=1122","title":{"rendered":"R\u00e9servations"},"content":{"rendered":"<div>\n<style>\n  :root {\n    --ldg-bnb-background: #ffffff;\n    --ldg-bnb-border-radius: 0.42em;\n    --ldg-bnb-box-shadow: 0px 24px 54px 0px rgba(0, 0, 0, 0.1);\n    --ldg-bnb-padding: 14px;\n    --ldg-bnb-input-background: #ffffff;\n    --ldg-bnb-button-border-radius: 3.58em;<\/p>\n<p>    --ldg-bnb-color-primary: #fac600;\n    --ldg-bnb-color-primary-lighter:#fde380;\n    --ldg-bnb-color-primary-darker: #7d6300;\n    --ldg-bnb-color-primary-contrast: #333333;\n    --ldg-component-calendar-cell-selection-bg-color: #fac600;\n    --ldg-component-calendar-cell-selection-color: #333333;\n    --ldg-component-calendar-cell-selected-bg-color: #fde380;\n    --ldg-component-calendar-cell-selected-color: #333333;\n    --ldg-bnb-font-family: inherit;\n  }\n  #lodgify-book-now-box {    \n    width: 100%;\n  }\n<\/style>\n<div\n  id=\"lodgify-book-now-box\"\n  data-rental-id=\"770902\"\n  data-website-id=\"638763\"\n  data-slug=\"bob-charlet\"\n  data-language-code=\"fr\"\n  data-new-tab=\"true\"\n  data-version=\"stable\"\n  \n  \n  data-has-guests-breakdown\n  \n  data-check-in-label='Arriv\u00e9e'\n  data-check-out-label='D\u00e9part'\n  data-guests-label='Invit\u00e9s'\n  data-guests-singular-label='{{NumberOfGuests}} invit\u00e9'\n  data-guests-plural-label='{{NumberOfGuests}} invit\u00e9s'\n  data-location-input-label='Emplacement'\n  data-total-price-label='Prix total :'\n  data-select-dates-to-see-price-label='S\u00e9lectionnez les dates pour voir le prix total'\n  data-minimum-price-per-night-first-label='\u00c0 partir de'\n  data-minimum-price-per-night-second-label='par nuit'\n  data-book-button-label='R\u00e9servez maintenant'\n  data-guests-breakdown-label='Invit\u00e9s'\n  data-adults-label='{\"one\":\"adulte\",\"other\":\"adultes\"}'\n  data-adults-description='\u00c2ges {minAge} ou plus'\n  data-children-label='{\"one\":\"enfant\",\"other\":\"enfants\"}'\n  data-children-description='\u00c2ges {minAge} - {maxAge}'\n  data-children-not-allowed-label='Non adapt\u00e9 aux enfants'\n  data-infants-label='{\"one\":\"b\\u00e9b\\u00e9\",\"other\":\"b\\u00e9b\\u00e9s\"}'\n  data-infants-description='Moins de {maxAge}'\n  data-infants-not-allowed-label='Non adapt\u00e9 aux b\u00e9b\u00e9s'\n  data-pets-label='{\"one\":\"animal de compagnie\",\"other\":\"animaux de compagnie\"}'\n  data-pets-not-allowed-label='Non autoris\u00e9'\n  data-done-label='Termin\u00e9'\n  \n><\/div>\n<p>  <script src=\"https:\/\/app.lodgify.com\/book-now-box\/stable\/renderBookNowBox.js\" defer><\/script>\n<\/div>\n<ul>\n<li>\n<p>\n        <a href=\"https:\/\/locations-biscarrosse.com\/\">R\u00e9server en Direct<\/a>\n    <\/p>\n<\/li>\n<li>\n<p>\n        <a href=\"https:\/\/www.airbnb.fr\/rooms\/623614565547639123\">R\u00e9servation AVEC AIRBNB<\/a>\n    <\/p>\n<\/li>\n<li>\n<p>\n        <a href=\"https:\/\/www.booking.com\/Share-Xc0DPp\">R\u00c9SERVATION AVEC BOOKING<\/a>\n    <\/p>\n<\/li>\n<\/ul>\n<p><!--more--><br \/>\n<!-- {\"type\":\"layout\",\"children\":[{\"type\":\"section\",\"props\":{\"height\":\"pixels\",\"height_viewport\":800,\"image\":\"wp-content\/uploads\/2023\/04\/87C7A366-5839-4059-8548-D287EAB34700.jpeg\",\"image_position\":\"center-center\",\"image_size\":\"cover\",\"style\":\"default\",\"title_breakpoint\":\"xl\",\"title_position\":\"top-left\",\"title_rotation\":\"left\",\"vertical_align\":\"\",\"width\":\"default\"},\"children\":[{\"type\":\"row\",\"children\":[{\"type\":\"column\",\"props\":{\"image_position\":\"center-center\",\"position_sticky_breakpoint\":\"m\"},\"children\":[{\"type\":\"html\",\"props\":{\"content\":\"\n\n<style>\\n  :root {\\n    --ldg-bnb-background: #ffffff;\\n    --ldg-bnb-border-radius: 0.42em;\\n    --ldg-bnb-box-shadow: 0px 24px 54px 0px rgba(0, 0, 0, 0.1);\\n    --ldg-bnb-padding: 14px;\\n    --ldg-bnb-input-background: #ffffff;\\n    --ldg-bnb-button-border-radius: 3.58em;\\n\\n    --ldg-bnb-color-primary: #fac600;\\n    --ldg-bnb-color-primary-lighter:#fde380;\\n    --ldg-bnb-color-primary-darker: #7d6300;\\n    --ldg-bnb-color-primary-contrast: #333333;\\n    --ldg-component-calendar-cell-selection-bg-color: #fac600;\\n    --ldg-component-calendar-cell-selection-color: #333333;\\n    --ldg-component-calendar-cell-selected-bg-color: #fde380;\\n    --ldg-component-calendar-cell-selected-color: #333333;\\n    --ldg-bnb-font-family: inherit;\\n  }\\n  #lodgify-book-now-box {    \\n    width: 100%;\\n  }\\n<\/style>\n\n\\n<div\\n  id=\\\"lodgify-book-now-box\\\"\\n  data-rental-id=\\\"770902\\\"\\n  data-website-id=\\\"638763\\\"\\n  data-slug=\\\"bob-charlet\\\"\\n  data-language-code=\\\"fr\\\"\\n  data-new-tab=\\\"true\\\"\\n  data-version=\\\"stable\\\"\\n  \\n  \\n  data-has-guests-breakdown\\n  \\n  data-check-in-label='Arriv\u00e9e'\\n  data-check-out-label='D\u00e9part'\\n  data-guests-label='Invit\u00e9s'\\n  data-guests-singular-label='{{NumberOfGuests}} invit\u00e9'\\n  data-guests-plural-label='{{NumberOfGuests}} invit\u00e9s'\\n  data-location-input-label='Emplacement'\\n  data-total-price-label='Prix total :'\\n  data-select-dates-to-see-price-label='S\u00e9lectionnez les dates pour voir le prix total'\\n  data-minimum-price-per-night-first-label='\u00c0 partir de'\\n  data-minimum-price-per-night-second-label='par nuit'\\n  data-book-button-label='R\u00e9servez maintenant'\\n  data-guests-breakdown-label='Invit\u00e9s'\\n  data-adults-label='{\\\"one\\\":\\\"adulte\\\",\\\"other\\\":\\\"adultes\\\"}'\\n  data-adults-description='\u00c2ges {minAge} ou plus'\\n  data-children-label='{\\\"one\\\":\\\"enfant\\\",\\\"other\\\":\\\"enfants\\\"}'\\n  data-children-description='\u00c2ges {minAge} - {maxAge}'\\n  data-children-not-allowed-label='Non adapt\u00e9 aux enfants'\\n  data-infants-label='{\\\"one\\\":\\\"b\\\\u00e9b\\\\u00e9\\\",\\\"other\\\":\\\"b\\\\u00e9b\\\\u00e9s\\\"}'\\n  data-infants-description='Moins de {maxAge}'\\n  data-infants-not-allowed-label='Non adapt\u00e9 aux b\u00e9b\u00e9s'\\n  data-pets-label='{\\\"one\\\":\\\"animal de compagnie\\\",\\\"other\\\":\\\"animaux de compagnie\\\"}'\\n  data-pets-not-allowed-label='Non autoris\u00e9'\\n  data-done-label='Termin\u00e9'\\n  \\n><\/div>\n\n\\n  \\n  <script src=\\\"https:\/\/app.lodgify.com\/book-now-box\/stable\/renderBookNowBox.js\\\" defer><\/script>\",\"css\":\"\n\n<style>\\n  :root {\\n    --ldg-bnb-background: #ffffff;\\n    --ldg-bnb-border-radius: 0.42em;\\n    --ldg-bnb-box-shadow: 0px 24px 54px 0px rgba(0, 0, 0, 0.1);\\n    --ldg-bnb-padding: 14px;\\n    --ldg-bnb-input-background: #ffffff;\\n    --ldg-bnb-button-border-radius: 3.58em;\\n\\n    --ldg-bnb-color-primary: #fac600;\\n    --ldg-bnb-color-primary-lighter:#fde380;\\n    --ldg-bnb-color-primary-darker: #7d6300;\\n    --ldg-bnb-color-primary-contrast: #333333;\\n    --ldg-component-calendar-cell-selection-bg-color: #fac600;\\n    --ldg-component-calendar-cell-selection-color: #333333;\\n    --ldg-component-calendar-cell-selected-bg-color: #fde380;\\n    --ldg-component-calendar-cell-selected-color: #333333;\\n    --ldg-bnb-font-family: inherit;\\n  }\\n  #lodgify-book-now-box {    \\n    width: 100%;\\n  }\\n<\/style>\n\n\\n  \"}},{\"type\":\"html\",\"props\":{\"content\":\"[wpsbc id=\\\"1\\\" title=\\\"no\\\" legend=\\\"yes\\\" legend_position=\\\"top\\\" dropdown=\\\"yes\\\" start=\\\"1\\\" display=\\\"4\\\" language=\\\"auto\\\" month=\\\"0\\\" year=\\\"0\\\" jump=\\\"no\\\" history=\\\"1\\\" tooltip=\\\"3\\\" weeknumbers=\\\"no\\\" highlighttoday=\\\"no\\\"]\",\"status\":\"disabled\"}}]}]}]},{\"type\":\"section\",\"props\":{\"image_position\":\"center-center\",\"style\":\"default\",\"title_breakpoint\":\"xl\",\"title_position\":\"top-left\",\"title_rotation\":\"left\",\"vertical_align\":\"middle\",\"width\":\"default\"},\"children\":[{\"type\":\"row\",\"children\":[{\"type\":\"column\",\"props\":{\"image_position\":\"center-center\",\"position_sticky_breakpoint\":\"m\"},\"children\":[{\"type\":\"button\",\"props\":{\"button_size\":\"large\",\"grid_column_gap\":\"small\",\"grid_row_gap\":\"small\",\"margin_bottom\":\"default\",\"margin_top\":\"default\",\"text_align\":\"center\"},\"children\":[{\"type\":\"button_item\",\"props\":{\"button_style\":\"danger\",\"content\":\"R\u00e9server en Direct\",\"dialog_layout\":\"modal\",\"dialog_offcanvas_flip\":true,\"icon\":\"users\",\"icon_align\":\"left\",\"link\":\"https:\/\/locations-biscarrosse.com\/\",\"link_target\":true}},{\"type\":\"button_item\",\"props\":{\"button_style\":\"danger\",\"content\":\"R\u00e9servation AVEC AIRBNB\",\"dialog_layout\":\"modal\",\"dialog_offcanvas_flip\":true,\"icon\":\"user\",\"icon_align\":\"left\",\"link\":\"https:\/\/www.airbnb.fr\/rooms\/623614565547639123\",\"link_target\":true}},{\"type\":\"button_item\",\"props\":{\"button_style\":\"danger\",\"content\":\"R\u00c9SERVATION AVEC BOOKING\",\"dialog_layout\":\"modal\",\"dialog_offcanvas_flip\":true,\"icon\":\"user\",\"icon_align\":\"left\",\"link\":\"https:\/\/www.booking.com\/Share-Xc0DPp\",\"link_target\":true,\"link_title\":\"R\u00c9SERVATION AVEC BOOKING\"}}]}]}]}]}],\"version\":\"5.0.14\"} --><\/p>\n","protected":false},"excerpt":{"rendered":"<p>R\u00e9server en Direct R\u00e9servation AVEC AIRBNB R\u00c9SERVATION AVEC BOOKING<\/p>\n","protected":false},"author":1,"featured_media":0,"parent":0,"menu_order":0,"comment_status":"closed","ping_status":"closed","template":"","meta":{"_acf_changed":false,"footnotes":""},"class_list":["post-1122","page","type-page","status-publish","hentry"],"acf":[],"_links":{"self":[{"href":"https:\/\/manabeach.fr\/index.php?rest_route=\/wp\/v2\/pages\/1122","targetHints":{"allow":["GET"]}}],"collection":[{"href":"https:\/\/manabeach.fr\/index.php?rest_route=\/wp\/v2\/pages"}],"about":[{"href":"https:\/\/manabeach.fr\/index.php?rest_route=\/wp\/v2\/types\/page"}],"author":[{"embeddable":true,"href":"https:\/\/manabeach.fr\/index.php?rest_route=\/wp\/v2\/users\/1"}],"replies":[{"embeddable":true,"href":"https:\/\/manabeach.fr\/index.php?rest_route=%2Fwp%2Fv2%2Fcomments&post=1122"}],"version-history":[{"count":38,"href":"https:\/\/manabeach.fr\/index.php?rest_route=\/wp\/v2\/pages\/1122\/revisions"}],"predecessor-version":[{"id":1488,"href":"https:\/\/manabeach.fr\/index.php?rest_route=\/wp\/v2\/pages\/1122\/revisions\/1488"}],"wp:attachment":[{"href":"https:\/\/manabeach.fr\/index.php?rest_route=%2Fwp%2Fv2%2Fmedia&parent=1122"}],"curies":[{"name":"wp","href":"https:\/\/api.w.org\/{rel}","templated":true}]}}